{"id":430,"date":"2023-12-14T15:03:57","date_gmt":"2023-12-14T18:03:57","guid":{"rendered":"https:\/\/alfanettelecom.com\/?page_id=430"},"modified":"2023-12-15T18:14:36","modified_gmt":"2023-12-15T21:14:36","slug":"sobre","status":"publish","type":"page","link":"https:\/\/alfanettelecom.com\/?page_id=430","title":{"rendered":"Sobre"},"content":{"rendered":"\t\t<div data-elementor-type=\"wp-page\" data-elementor-id=\"430\" class=\"elementor elementor-430\" data-elementor-post-type=\"page\">\n\t\t\t\t\t\t\t<div class=\"elementor-element elementor-element-dd4821d e-flex e-con-boxed e-con e-parent\" data-id=\"dd4821d\" data-element_type=\"container\" data-settings=\"{&quot;background_background&quot;:&quot;classic&quot;,&quot;container_type&quot;:&quot;flex&quot;,&quot;content_width&quot;:&quot;boxed&quot;}\" data-core-v316-plus=\"true\">\n\t\t\t\t\t<div class=\"e-con-inner\">\n\t\t<div class=\"elementor-element elementor-element-cd1d1ae elementor-hidden-mobile e-flex e-con-boxed e-con e-child\" data-id=\"cd1d1ae\" data-element_type=\"container\" data-settings=\"{&quot;container_type&quot;:&quot;flex&quot;,&quot;content_width&quot;:&quot;boxed&quot;}\">\n\t\t\t\t\t<div class=\"e-con-inner\">\n\t\t\t\t<div class=\"elementor-element elementor-element-629ef08 animated-fast elementor-invisible elementor-widget elementor-widget-image\" data-id=\"629ef08\" data-element_type=\"widget\" data-settings=\"{&quot;_animation&quot;:&quot;slideInLeft&quot;}\" data-widget_type=\"image.default\">\n\t\t\t\t<div class=\"elementor-widget-container\">\n\t\t\t\t\t\t\t\t\t\t\t\t\t\t\t<img fetchpriority=\"high\" decoding=\"async\" width=\"338\" height=\"586\" src=\"https:\/\/alfanettelecom.com\/wp-content\/uploads\/2023\/12\/asset-A-logo.png\" class=\"attachment-full size-full wp-image-434\" alt=\"\" srcset=\"https:\/\/alfanettelecom.com\/wp-content\/uploads\/2023\/12\/asset-A-logo.png 338w, https:\/\/alfanettelecom.com\/wp-content\/uploads\/2023\/12\/asset-A-logo-173x300.png 173w\" sizes=\"(max-width: 338px) 100vw, 338px\" \/>\t\t\t\t\t\t\t\t\t\t\t\t\t\t\t<\/div>\n\t\t\t\t<\/div>\n\t\t\t\t\t<\/div>\n\t\t\t\t<\/div>\n\t\t<div class=\"elementor-element elementor-element-1a339cf e-flex e-con-boxed elementor-invisible e-con e-child\" data-id=\"1a339cf\" data-element_type=\"container\" data-settings=\"{&quot;animation&quot;:&quot;slideInRight&quot;,&quot;container_type&quot;:&quot;flex&quot;,&quot;content_width&quot;:&quot;boxed&quot;}\">\n\t\t\t\t\t<div class=\"e-con-inner\">\n\t\t\t\t<div class=\"elementor-element elementor-element-3470261 elementor-widget elementor-widget-heading\" data-id=\"3470261\" data-element_type=\"widget\" data-widget_type=\"heading.default\">\n\t\t\t\t<div class=\"elementor-widget-container\">\n\t\t\t<h2 class=\"elementor-heading-title elementor-size-default\">Alfanet Telecom h\u00e1 8 anos oferecendo a melhor internet.<\/h2>\t\t<\/div>\n\t\t\t\t<\/div>\n\t\t\t\t<div class=\"elementor-element elementor-element-0a81465 elementor-widget elementor-widget-heading\" data-id=\"0a81465\" data-element_type=\"widget\" data-widget_type=\"heading.default\">\n\t\t\t\t<div class=\"elementor-widget-container\">\n\t\t\t<p class=\"elementor-heading-title elementor-size-default\">Descri\u00e7\u00e3o sobre a empresa....Plano TV Gr\u00e1tis Para clientes a partir do plano de internet de  100 Mb com 110 canais. <\/p>\t\t<\/div>\n\t\t\t\t<\/div>\n\t\t\t\t\t<\/div>\n\t\t\t\t<\/div>\n\t\t\t\t\t<\/div>\n\t\t\t\t<\/div>\n\t\t<div class=\"elementor-element elementor-element-fc8ccc6 e-flex e-con-boxed e-con e-parent\" data-id=\"fc8ccc6\" data-element_type=\"container\" data-settings=\"{&quot;background_background&quot;:&quot;classic&quot;,&quot;container_type&quot;:&quot;flex&quot;,&quot;content_width&quot;:&quot;boxed&quot;}\" data-core-v316-plus=\"true\">\n\t\t\t\t\t<div class=\"e-con-inner\">\n\t\t<div class=\"elementor-element elementor-element-89825b5 e-flex e-con-boxed e-con e-child\" data-id=\"89825b5\" data-element_type=\"container\" data-settings=\"{&quot;container_type&quot;:&quot;flex&quot;,&quot;content_width&quot;:&quot;boxed&quot;}\">\n\t\t\t\t\t<div class=\"e-con-inner\">\n\t\t\t\t<div class=\"elementor-element elementor-element-476b08c elementor-widget elementor-widget-heading\" data-id=\"476b08c\" data-element_type=\"widget\" data-widget_type=\"heading.default\">\n\t\t\t\t<div class=\"elementor-widget-container\">\n\t\t\t<h2 class=\"elementor-heading-title elementor-size-default\">Infraestrutura moderna e equipamentos de ponta.<\/h2>\t\t<\/div>\n\t\t\t\t<\/div>\n\t\t\t\t<div class=\"elementor-element elementor-element-39c6e7e elementor-widget elementor-widget-heading\" data-id=\"39c6e7e\" data-element_type=\"widget\" data-widget_type=\"heading.default\">\n\t\t\t\t<div class=\"elementor-widget-container\">\n\t\t\t<p class=\"elementor-heading-title elementor-size-default\">Servi\u00e7os de Streaming como o Deezer e o Looke Gr\u00e1tis para clientes a partir do plano de internet de  300 MB. <\/p>\t\t<\/div>\n\t\t\t\t<\/div>\n\t\t\t\t\t<\/div>\n\t\t\t\t<\/div>\n\t\t<div class=\"elementor-element elementor-element-8ba644e e-flex e-con-boxed e-con e-child\" data-id=\"8ba644e\" data-element_type=\"container\" data-settings=\"{&quot;container_type&quot;:&quot;flex&quot;,&quot;content_width&quot;:&quot;boxed&quot;}\">\n\t\t\t\t\t<div class=\"e-con-inner\">\n\t\t\t\t<div class=\"elementor-element elementor-element-aa9425b elementor-widget elementor-widget-image\" data-id=\"aa9425b\" data-element_type=\"widget\" data-widget_type=\"image.default\">\n\t\t\t\t<div class=\"elementor-widget-container\">\n\t\t\t\t\t\t\t\t\t\t\t\t\t\t\t<img decoding=\"async\" width=\"620\" height=\"502\" src=\"https:\/\/alfanettelecom.com\/wp-content\/uploads\/2023\/12\/asset-imagem-equipe.png\" class=\"attachment-full size-full wp-image-436\" alt=\"\" srcset=\"https:\/\/alfanettelecom.com\/wp-content\/uploads\/2023\/12\/asset-imagem-equipe.png 620w, https:\/\/alfanettelecom.com\/wp-content\/uploads\/2023\/12\/asset-imagem-equipe-300x243.png 300w\" sizes=\"(max-width: 620px) 100vw, 620px\" \/>\t\t\t\t\t\t\t\t\t\t\t\t\t\t\t<\/div>\n\t\t\t\t<\/div>\n\t\t\t\t\t<\/div>\n\t\t\t\t<\/div>\n\t\t\t\t\t<\/div>\n\t\t\t\t<\/div>\n\t\t\t\t\t\t\t<\/div>\n\t\t","protected":false},"excerpt":{"rendered":"<p>Alfanet Telecom h\u00e1 8 anos oferecendo a melhor internet. Descri\u00e7\u00e3o sobre a empresa&#8230;.Plano TV Gr\u00e1tis Para clientes a partir do plano de internet de 100 Mb com 110 canais. Infraestrutura moderna e equipamentos de ponta. Servi\u00e7os de Streaming como o Deezer e o Looke Gr\u00e1tis para clientes a partir do plano de internet de 300 [&hellip;]<\/p>\n","protected":false},"author":1,"featured_media":0,"parent":0,"menu_order":0,"comment_status":"closed","ping_status":"closed","template":"","meta":{"footnotes":""},"_links":{"self":[{"href":"https:\/\/alfanettelecom.com\/index.php?rest_route=\/wp\/v2\/pages\/430"}],"collection":[{"href":"https:\/\/alfanettelecom.com\/index.php?rest_route=\/wp\/v2\/pages"}],"about":[{"href":"https:\/\/alfanettelecom.com\/index.php?rest_route=\/wp\/v2\/types\/page"}],"author":[{"embeddable":true,"href":"https:\/\/alfanettelecom.com\/index.php?rest_route=\/wp\/v2\/users\/1"}],"replies":[{"embeddable":true,"href":"https:\/\/alfanettelecom.com\/index.php?rest_route=%2Fwp%2Fv2%2Fcomments&post=430"}],"version-history":[{"count":18,"href":"https:\/\/alfanettelecom.com\/index.php?rest_route=\/wp\/v2\/pages\/430\/revisions"}],"predecessor-version":[{"id":553,"href":"https:\/\/alfanettelecom.com\/index.php?rest_route=\/wp\/v2\/pages\/430\/revisions\/553"}],"wp:attachment":[{"href":"https:\/\/alfanettelecom.com\/index.php?rest_route=%2Fwp%2Fv2%2Fmedia&parent=430"}],"curies":[{"name":"wp","href":"https:\/\/api.w.org\/{rel}","templated":true}]}}